{"id":903,"date":"2025-05-12T13:30:53","date_gmt":"2025-05-12T11:30:53","guid":{"rendered":"https:\/\/zulla.pl\/?post_type=product&#038;p=903"},"modified":"2026-03-23T08:07:43","modified_gmt":"2026-03-23T07:07:43","slug":"reczniki","status":"publish","type":"product","link":"https:\/\/zulla.pl\/index.php\/product\/reczniki\/","title":{"rendered":"R\u0119czniki"},"content":{"rendered":"","protected":false},"excerpt":{"rendered":"<p>Spersonalizowane r\u0119czniki to luksusowy i praktyczny no\u015bnik Twojej marki, kt\u00f3ry \u0142\u0105czy codzienn\u0105 u\u017cyteczno\u015b\u0107 z eleganck\u0105 form\u0105 prezentacji. Oferujemy wysokiej jako\u015bci r\u0119czniki z mo\u017cliwo\u015bci\u0105 znakowania, kt\u00f3re stanowi\u0105 zar\u00f3wno funkcjonalny element wyposa\u017cenia, jak i presti\u017cowy gad\u017cet reklamowy o d\u0142ugotrwa\u0142ym czasie ekspozycji.<br \/>Dlaczego warto wybra\u0107 personalizowane r\u0119czniki?<br \/>Nasze r\u0119czniki wyr\u00f3\u017cniaj\u0105 si\u0119 licznymi zaletami:<br \/><strong>Presti\u017cowy charakter<\/strong> \u2013 postrzegane jako gad\u017cet premium o wysokiej warto\u015bci<br \/><strong>D\u0142ugotrwa\u0142e u\u017cytkowanie<\/strong> \u2013 regularny kontakt odbiorcy z Twoj\u0105 mark\u0105<br \/><strong>Praktyczna funkcjonalno\u015b\u0107<\/strong> \u2013 rzeczywista warto\u015b\u0107 u\u017cytkowa dla obdarowanego<br \/><strong>Elegancka powierzchnia znakowania<\/strong> \u2013 wyeksponowanie logo w stylowy spos\u00f3b<br \/><strong>Pozytywne skojarzenia<\/strong> \u2013 \u0142\u0105czenie marki z komfortem i przyjemno\u015bci\u0105<br \/><strong>Uniwersalno\u015b\u0107 zastosowa\u0144<\/strong> \u2013 od \u0142azienki po si\u0142owni\u0119, basen czy pla\u017c\u0119<\/p>\n","protected":false},"featured_media":906,"template":"","meta":[],"product_brand":[],"product_cat":[34],"product_tag":[],"class_list":{"0":"post-903","1":"product","2":"type-product","3":"status-publish","4":"has-post-thumbnail","6":"product_cat-akcesoria","8":"first","9":"instock","10":"shipping-taxable","11":"product-type-simple"},"_links":{"self":[{"href":"https:\/\/zulla.pl\/index.php\/wp-json\/wp\/v2\/product\/903","targetHints":{"allow":["GET"]}}],"collection":[{"href":"https:\/\/zulla.pl\/index.php\/wp-json\/wp\/v2\/product"}],"about":[{"href":"https:\/\/zulla.pl\/index.php\/wp-json\/wp\/v2\/types\/product"}],"version-history":[{"count":1,"href":"https:\/\/zulla.pl\/index.php\/wp-json\/wp\/v2\/product\/903\/revisions"}],"predecessor-version":[{"id":904,"href":"https:\/\/zulla.pl\/index.php\/wp-json\/wp\/v2\/product\/903\/revisions\/904"}],"wp:featuredmedia":[{"embeddable":true,"href":"https:\/\/zulla.pl\/index.php\/wp-json\/wp\/v2\/media\/906"}],"wp:attachment":[{"href":"https:\/\/zulla.pl\/index.php\/wp-json\/wp\/v2\/media?parent=903"}],"wp:term":[{"taxonomy":"product_brand","embeddable":true,"href":"https:\/\/zulla.pl\/index.php\/wp-json\/wp\/v2\/product_brand?post=903"},{"taxonomy":"product_cat","embeddable":true,"href":"https:\/\/zulla.pl\/index.php\/wp-json\/wp\/v2\/product_cat?post=903"},{"taxonomy":"product_tag","embeddable":true,"href":"https:\/\/zulla.pl\/index.php\/wp-json\/wp\/v2\/product_tag?post=903"}],"curies":[{"name":"wp","href":"https:\/\/api.w.org\/{rel}","templated":true}]}}