{"id":617,"date":"2025-05-10T09:12:54","date_gmt":"2025-05-10T07:12:54","guid":{"rendered":"https:\/\/zulla.pl\/?post_type=product&#038;p=617"},"modified":"2025-05-10T09:12:54","modified_gmt":"2025-05-10T07:12:54","slug":"szalik-tkany-hd","status":"publish","type":"product","link":"https:\/\/zulla.pl\/index.php\/product\/szalik-tkany-hd\/","title":{"rendered":"Szalik tkany HD"},"content":{"rendered":"<p>Luksusowa wersja szalika tkanego, pozwalaj\u0105ca na odwzorowanie skomplikowanych grafik i przej\u015b\u0107 tonalnych. Idealny dla klub\u00f3w sportowych z rozbudowan\u0105 identyfikacj\u0105 wizualn\u0105, ekskluzywnych wydarze\u0144 i presti\u017cowych organizacji. Mo\u017cliwo\u015b\u0107 tworzenia zaawansowanych projekt\u00f3w graficznych z zachowaniem najwy\u017cszej jako\u015bci wykonania. Wyr\u00f3\u017cniaj\u0105cy si\u0119 element garderoby, podkre\u015blaj\u0105cy profesjonalizm i presti\u017c Twojej marki.<\/p>\n","protected":false},"excerpt":{"rendered":"<p>Luksusowa wersja szalika tkanego, pozwalaj\u0105ca na odwzorowanie skomplikowanych grafik i przej\u015b\u0107 tonalnych. Idealny dla klub\u00f3w sportowych z rozbudowan\u0105 identyfikacj\u0105 wizualn\u0105, ekskluzywnych wydarze\u0144 i presti\u017cowych organizacji. Mo\u017cliwo\u015b\u0107 tworzenia zaawansowanych projekt\u00f3w graficznych z zachowaniem najwy\u017cszej jako\u015bci wykonania. Wyr\u00f3\u017cniaj\u0105cy si\u0119 element garderoby, podkre\u015blaj\u0105cy profesjonalizm i presti\u017c Twojej marki.<\/p>\n","protected":false},"featured_media":0,"template":"","meta":[],"product_brand":[],"product_cat":[34],"product_tag":[],"class_list":{"0":"post-617","1":"product","2":"type-product","3":"status-publish","5":"product_cat-akcesoria","7":"first","8":"instock","9":"shipping-taxable","10":"product-type-simple"},"_links":{"self":[{"href":"https:\/\/zulla.pl\/index.php\/wp-json\/wp\/v2\/product\/617","targetHints":{"allow":["GET"]}}],"collection":[{"href":"https:\/\/zulla.pl\/index.php\/wp-json\/wp\/v2\/product"}],"about":[{"href":"https:\/\/zulla.pl\/index.php\/wp-json\/wp\/v2\/types\/product"}],"version-history":[{"count":1,"href":"https:\/\/zulla.pl\/index.php\/wp-json\/wp\/v2\/product\/617\/revisions"}],"predecessor-version":[{"id":618,"href":"https:\/\/zulla.pl\/index.php\/wp-json\/wp\/v2\/product\/617\/revisions\/618"}],"wp:attachment":[{"href":"https:\/\/zulla.pl\/index.php\/wp-json\/wp\/v2\/media?parent=617"}],"wp:term":[{"taxonomy":"product_brand","embeddable":true,"href":"https:\/\/zulla.pl\/index.php\/wp-json\/wp\/v2\/product_brand?post=617"},{"taxonomy":"product_cat","embeddable":true,"href":"https:\/\/zulla.pl\/index.php\/wp-json\/wp\/v2\/product_cat?post=617"},{"taxonomy":"product_tag","embeddable":true,"href":"https:\/\/zulla.pl\/index.php\/wp-json\/wp\/v2\/product_tag?post=617"}],"curies":[{"name":"wp","href":"https:\/\/api.w.org\/{rel}","templated":true}]}}