{"id":615,"date":"2025-05-10T09:12:15","date_gmt":"2025-05-10T07:12:15","guid":{"rendered":"https:\/\/zulla.pl\/?post_type=product&#038;p=615"},"modified":"2025-05-10T09:12:15","modified_gmt":"2025-05-10T07:12:15","slug":"szalik-tkany","status":"publish","type":"product","link":"https:\/\/zulla.pl\/index.php\/product\/szalik-tkany\/","title":{"rendered":"Szalik tkany"},"content":{"rendered":"<p>Elegancki szalik wykonany w technologii tkania, zapewniaj\u0105cy klasyczny wygl\u0105d i trwa\u0142o\u015b\u0107. Idealne rozwi\u0105zanie dla klub\u00f3w sportowych, firm i korporacji ceni\u0105cych tradycyjny styl. Mo\u017cliwo\u015b\u0107 wplecenia logo, has\u0142a czy wzoru bezpo\u015brednio w struktur\u0119 materia\u0142u. Doskona\u0142y spos\u00f3b na budowanie lojalno\u015bci kibic\u00f3w i fan\u00f3w Twojej organizacji.<\/p>\n","protected":false},"excerpt":{"rendered":"<p>Elegancki szalik wykonany w technologii tkania, zapewniaj\u0105cy klasyczny wygl\u0105d i trwa\u0142o\u015b\u0107. Idealne rozwi\u0105zanie dla klub\u00f3w sportowych, firm i korporacji ceni\u0105cych tradycyjny styl. Mo\u017cliwo\u015b\u0107 wplecenia logo, has\u0142a czy wzoru bezpo\u015brednio w struktur\u0119 materia\u0142u. Doskona\u0142y spos\u00f3b na budowanie lojalno\u015bci kibic\u00f3w i fan\u00f3w Twojej organizacji.<\/p>\n","protected":false},"featured_media":0,"template":"","meta":[],"product_brand":[],"product_cat":[34],"product_tag":[],"class_list":{"0":"post-615","1":"product","2":"type-product","3":"status-publish","5":"product_cat-akcesoria","7":"first","8":"instock","9":"shipping-taxable","10":"product-type-simple"},"_links":{"self":[{"href":"https:\/\/zulla.pl\/index.php\/wp-json\/wp\/v2\/product\/615","targetHints":{"allow":["GET"]}}],"collection":[{"href":"https:\/\/zulla.pl\/index.php\/wp-json\/wp\/v2\/product"}],"about":[{"href":"https:\/\/zulla.pl\/index.php\/wp-json\/wp\/v2\/types\/product"}],"version-history":[{"count":1,"href":"https:\/\/zulla.pl\/index.php\/wp-json\/wp\/v2\/product\/615\/revisions"}],"predecessor-version":[{"id":616,"href":"https:\/\/zulla.pl\/index.php\/wp-json\/wp\/v2\/product\/615\/revisions\/616"}],"wp:attachment":[{"href":"https:\/\/zulla.pl\/index.php\/wp-json\/wp\/v2\/media?parent=615"}],"wp:term":[{"taxonomy":"product_brand","embeddable":true,"href":"https:\/\/zulla.pl\/index.php\/wp-json\/wp\/v2\/product_brand?post=615"},{"taxonomy":"product_cat","embeddable":true,"href":"https:\/\/zulla.pl\/index.php\/wp-json\/wp\/v2\/product_cat?post=615"},{"taxonomy":"product_tag","embeddable":true,"href":"https:\/\/zulla.pl\/index.php\/wp-json\/wp\/v2\/product_tag?post=615"}],"curies":[{"name":"wp","href":"https:\/\/api.w.org\/{rel}","templated":true}]}}