{"id":613,"date":"2025-05-10T09:11:36","date_gmt":"2025-05-10T07:11:36","guid":{"rendered":"https:\/\/zulla.pl\/?post_type=product&#038;p=613"},"modified":"2025-05-10T09:11:45","modified_gmt":"2025-05-10T07:11:45","slug":"szalik-dziany-hd","status":"publish","type":"product","link":"https:\/\/zulla.pl\/index.php\/product\/szalik-dziany-hd\/","title":{"rendered":"Szalik dziany HD"},"content":{"rendered":"<p>Zaawansowana technologicznie wersja szalika dzianego, umo\u017cliwiaj\u0105ca odwzorowanie bardziej skomplikowanych wzor\u00f3w i grafik. Doskona\u0142y dla klub\u00f3w sportowych z rozbudowanymi herbami, organizacji z detalizowanym logo lub kampanii promocyjnych. \u0141\u0105czy ciep\u0142o tradycyjnego szalika z mo\u017cliwo\u015bci\u0105 precyzyjnego odwzorowania Twojej identyfikacji wizualnej.<\/p>\n","protected":false},"excerpt":{"rendered":"<p>Zaawansowana technologicznie wersja szalika dzianego, umo\u017cliwiaj\u0105ca odwzorowanie bardziej skomplikowanych wzor\u00f3w i grafik. Doskona\u0142y dla klub\u00f3w sportowych z rozbudowanymi herbami, organizacji z detalizowanym logo lub kampanii promocyjnych. \u0141\u0105czy ciep\u0142o tradycyjnego szalika z mo\u017cliwo\u015bci\u0105 precyzyjnego odwzorowania Twojej identyfikacji wizualnej.<\/p>\n","protected":false},"featured_media":0,"template":"","meta":[],"product_brand":[],"product_cat":[34],"product_tag":[],"class_list":{"0":"post-613","1":"product","2":"type-product","3":"status-publish","5":"product_cat-akcesoria","7":"first","8":"instock","9":"shipping-taxable","10":"product-type-simple"},"_links":{"self":[{"href":"https:\/\/zulla.pl\/index.php\/wp-json\/wp\/v2\/product\/613","targetHints":{"allow":["GET"]}}],"collection":[{"href":"https:\/\/zulla.pl\/index.php\/wp-json\/wp\/v2\/product"}],"about":[{"href":"https:\/\/zulla.pl\/index.php\/wp-json\/wp\/v2\/types\/product"}],"version-history":[{"count":1,"href":"https:\/\/zulla.pl\/index.php\/wp-json\/wp\/v2\/product\/613\/revisions"}],"predecessor-version":[{"id":614,"href":"https:\/\/zulla.pl\/index.php\/wp-json\/wp\/v2\/product\/613\/revisions\/614"}],"wp:attachment":[{"href":"https:\/\/zulla.pl\/index.php\/wp-json\/wp\/v2\/media?parent=613"}],"wp:term":[{"taxonomy":"product_brand","embeddable":true,"href":"https:\/\/zulla.pl\/index.php\/wp-json\/wp\/v2\/product_brand?post=613"},{"taxonomy":"product_cat","embeddable":true,"href":"https:\/\/zulla.pl\/index.php\/wp-json\/wp\/v2\/product_cat?post=613"},{"taxonomy":"product_tag","embeddable":true,"href":"https:\/\/zulla.pl\/index.php\/wp-json\/wp\/v2\/product_tag?post=613"}],"curies":[{"name":"wp","href":"https:\/\/api.w.org\/{rel}","templated":true}]}}