{"id":611,"date":"2025-05-10T09:10:50","date_gmt":"2025-05-10T07:10:50","guid":{"rendered":"https:\/\/zulla.pl\/?post_type=product&#038;p=611"},"modified":"2025-05-10T09:20:57","modified_gmt":"2025-05-10T07:20:57","slug":"szalik-dziany","status":"publish","type":"product","link":"https:\/\/zulla.pl\/index.php\/product\/szalik-dziany\/","title":{"rendered":"Szalik dziany"},"content":{"rendered":"<p>Klasyczny, ciep\u0142y szalik zapewniaj\u0105cy komfort w ch\u0142odne dni. Idealny dla klub\u00f3w sportowych, firm i organizacji. Mo\u017cliwo\u015b\u0107 wykonania w kolorach Twojej marki z eleganckim wyko\u0144czeniem i logotypem. Praktyczny i efektowny element zimowego ubioru, kt\u00f3ry buduje poczucie przynale\u017cno\u015bci do zespo\u0142u.<\/p>\n","protected":false},"excerpt":{"rendered":"<p>Klasyczny, ciep\u0142y szalik zapewniaj\u0105cy komfort w ch\u0142odne dni. Idealny dla klub\u00f3w sportowych, firm i organizacji. Mo\u017cliwo\u015b\u0107 wykonania w kolorach Twojej marki z eleganckim wyko\u0144czeniem i logotypem. Praktyczny i efektowny element zimowego ubioru, kt\u00f3ry buduje poczucie przynale\u017cno\u015bci do zespo\u0142u.<\/p>\n","protected":false},"featured_media":0,"template":"","meta":[],"product_brand":[],"product_cat":[34],"product_tag":[],"class_list":{"0":"post-611","1":"product","2":"type-product","3":"status-publish","5":"product_cat-akcesoria","7":"first","8":"instock","9":"shipping-taxable","10":"product-type-simple"},"_links":{"self":[{"href":"https:\/\/zulla.pl\/index.php\/wp-json\/wp\/v2\/product\/611","targetHints":{"allow":["GET"]}}],"collection":[{"href":"https:\/\/zulla.pl\/index.php\/wp-json\/wp\/v2\/product"}],"about":[{"href":"https:\/\/zulla.pl\/index.php\/wp-json\/wp\/v2\/types\/product"}],"version-history":[{"count":1,"href":"https:\/\/zulla.pl\/index.php\/wp-json\/wp\/v2\/product\/611\/revisions"}],"predecessor-version":[{"id":612,"href":"https:\/\/zulla.pl\/index.php\/wp-json\/wp\/v2\/product\/611\/revisions\/612"}],"wp:attachment":[{"href":"https:\/\/zulla.pl\/index.php\/wp-json\/wp\/v2\/media?parent=611"}],"wp:term":[{"taxonomy":"product_brand","embeddable":true,"href":"https:\/\/zulla.pl\/index.php\/wp-json\/wp\/v2\/product_brand?post=611"},{"taxonomy":"product_cat","embeddable":true,"href":"https:\/\/zulla.pl\/index.php\/wp-json\/wp\/v2\/product_cat?post=611"},{"taxonomy":"product_tag","embeddable":true,"href":"https:\/\/zulla.pl\/index.php\/wp-json\/wp\/v2\/product_tag?post=611"}],"curies":[{"name":"wp","href":"https:\/\/api.w.org\/{rel}","templated":true}]}}