{"id":609,"date":"2025-05-10T09:10:05","date_gmt":"2025-05-10T07:10:05","guid":{"rendered":"https:\/\/zulla.pl\/?post_type=product&#038;p=609"},"modified":"2025-05-10T09:10:05","modified_gmt":"2025-05-10T07:10:05","slug":"czapka-zimowa-dziana-z-pomponem","status":"publish","type":"product","link":"https:\/\/zulla.pl\/index.php\/product\/czapka-zimowa-dziana-z-pomponem\/","title":{"rendered":"Czapka zimowa dziana z pomponem"},"content":{"rendered":"<p>Stylowa czapka zimowa z charakterystycznym pomponem, \u0142\u0105cz\u0105ca funkcjonalno\u015b\u0107 z modnym wygl\u0105dem. \u015awietnie sprawdzi si\u0119 w kampaniach promocyjnych, zimowych wydarzeniach sportowych i rekreacyjnych. Mo\u017cliwo\u015b\u0107 personalizacji haftem lub naszywk\u0105 z logo. Przyci\u0105gaj\u0105cy wzrok element zimowego ubioru, kt\u00f3ry wyr\u00f3\u017cni Tw\u00f3j zesp\u00f3\u0142 i zwi\u0119kszy rozpoznawalno\u015b\u0107 marki. Czesto wykorzystywana przez kibic\u00f3w do identyfikacji z dru\u017cyn\u0105.<\/p>\n","protected":false},"excerpt":{"rendered":"<p>Stylowa czapka zimowa z charakterystycznym pomponem, \u0142\u0105cz\u0105ca funkcjonalno\u015b\u0107 z modnym wygl\u0105dem. \u015awietnie sprawdzi si\u0119 w kampaniach promocyjnych, zimowych wydarzeniach sportowych i rekreacyjnych. Mo\u017cliwo\u015b\u0107 personalizacji haftem lub naszywk\u0105 z logo. Przyci\u0105gaj\u0105cy wzrok element zimowego ubioru, kt\u00f3ry wyr\u00f3\u017cni Tw\u00f3j zesp\u00f3\u0142 i zwi\u0119kszy rozpoznawalno\u015b\u0107 marki. Czesto wykorzystywana przez kibic\u00f3w do identyfikacji z dru\u017cyn\u0105.<\/p>\n","protected":false},"featured_media":0,"template":"","meta":[],"product_brand":[],"product_cat":[34],"product_tag":[],"class_list":{"0":"post-609","1":"product","2":"type-product","3":"status-publish","5":"product_cat-akcesoria","7":"first","8":"instock","9":"shipping-taxable","10":"product-type-simple"},"_links":{"self":[{"href":"https:\/\/zulla.pl\/index.php\/wp-json\/wp\/v2\/product\/609","targetHints":{"allow":["GET"]}}],"collection":[{"href":"https:\/\/zulla.pl\/index.php\/wp-json\/wp\/v2\/product"}],"about":[{"href":"https:\/\/zulla.pl\/index.php\/wp-json\/wp\/v2\/types\/product"}],"version-history":[{"count":1,"href":"https:\/\/zulla.pl\/index.php\/wp-json\/wp\/v2\/product\/609\/revisions"}],"predecessor-version":[{"id":610,"href":"https:\/\/zulla.pl\/index.php\/wp-json\/wp\/v2\/product\/609\/revisions\/610"}],"wp:attachment":[{"href":"https:\/\/zulla.pl\/index.php\/wp-json\/wp\/v2\/media?parent=609"}],"wp:term":[{"taxonomy":"product_brand","embeddable":true,"href":"https:\/\/zulla.pl\/index.php\/wp-json\/wp\/v2\/product_brand?post=609"},{"taxonomy":"product_cat","embeddable":true,"href":"https:\/\/zulla.pl\/index.php\/wp-json\/wp\/v2\/product_cat?post=609"},{"taxonomy":"product_tag","embeddable":true,"href":"https:\/\/zulla.pl\/index.php\/wp-json\/wp\/v2\/product_tag?post=609"}],"curies":[{"name":"wp","href":"https:\/\/api.w.org\/{rel}","templated":true}]}}