{"id":607,"date":"2025-05-10T09:08:24","date_gmt":"2025-05-10T07:08:24","guid":{"rendered":"https:\/\/zulla.pl\/?post_type=product&#038;p=607"},"modified":"2025-05-10T09:08:24","modified_gmt":"2025-05-10T07:08:24","slug":"czapka-zimowa-dziana","status":"publish","type":"product","link":"https:\/\/zulla.pl\/index.php\/product\/czapka-zimowa-dziana\/","title":{"rendered":"Czapka zimowa dziana"},"content":{"rendered":"<p>Ciep\u0142a, klasyczna czapka zimowa zapewniaj\u0105ca doskona\u0142\u0105 ochron\u0119 przed ch\u0142odem. Idealna dla firm z pracownikami wykonuj\u0105cymi obowi\u0105zki na zewn\u0105trz, zimowych imprez sportowych, szk\u00f3\u0142 i uczelni. Mo\u017cliwo\u015b\u0107 umieszczenia wyrazistego haftu lub naszywki z logo organizacji. Praktyczny element zimowej garderoby, kt\u00f3ry jednocze\u015bnie buduje sp\u00f3jny wizerunek Twojego zespo\u0142u. Cz\u0119sto wykorzystywana przez kibic\u00f3w do identyfikacji z dru\u017cyn\u0105.<\/p>\n","protected":false},"excerpt":{"rendered":"<p>Ciep\u0142a, klasyczna czapka zimowa zapewniaj\u0105ca doskona\u0142\u0105 ochron\u0119 przed ch\u0142odem. Idealna dla firm z pracownikami wykonuj\u0105cymi obowi\u0105zki na zewn\u0105trz, zimowych imprez sportowych, szk\u00f3\u0142 i uczelni. Mo\u017cliwo\u015b\u0107 umieszczenia wyrazistego haftu lub naszywki z logo organizacji. Praktyczny element zimowej garderoby, kt\u00f3ry jednocze\u015bnie buduje sp\u00f3jny wizerunek Twojego zespo\u0142u. Cz\u0119sto wykorzystywana przez kibic\u00f3w do identyfikacji z dru\u017cyn\u0105.<\/p>\n","protected":false},"featured_media":0,"template":"","meta":[],"product_brand":[],"product_cat":[34],"product_tag":[],"class_list":{"0":"post-607","1":"product","2":"type-product","3":"status-publish","5":"product_cat-akcesoria","7":"first","8":"instock","9":"shipping-taxable","10":"product-type-simple"},"_links":{"self":[{"href":"https:\/\/zulla.pl\/index.php\/wp-json\/wp\/v2\/product\/607","targetHints":{"allow":["GET"]}}],"collection":[{"href":"https:\/\/zulla.pl\/index.php\/wp-json\/wp\/v2\/product"}],"about":[{"href":"https:\/\/zulla.pl\/index.php\/wp-json\/wp\/v2\/types\/product"}],"version-history":[{"count":1,"href":"https:\/\/zulla.pl\/index.php\/wp-json\/wp\/v2\/product\/607\/revisions"}],"predecessor-version":[{"id":608,"href":"https:\/\/zulla.pl\/index.php\/wp-json\/wp\/v2\/product\/607\/revisions\/608"}],"wp:attachment":[{"href":"https:\/\/zulla.pl\/index.php\/wp-json\/wp\/v2\/media?parent=607"}],"wp:term":[{"taxonomy":"product_brand","embeddable":true,"href":"https:\/\/zulla.pl\/index.php\/wp-json\/wp\/v2\/product_brand?post=607"},{"taxonomy":"product_cat","embeddable":true,"href":"https:\/\/zulla.pl\/index.php\/wp-json\/wp\/v2\/product_cat?post=607"},{"taxonomy":"product_tag","embeddable":true,"href":"https:\/\/zulla.pl\/index.php\/wp-json\/wp\/v2\/product_tag?post=607"}],"curies":[{"name":"wp","href":"https:\/\/api.w.org\/{rel}","templated":true}]}}