{"id":605,"date":"2025-05-10T09:07:02","date_gmt":"2025-05-10T07:07:02","guid":{"rendered":"https:\/\/zulla.pl\/?post_type=product&#038;p=605"},"modified":"2025-05-10T09:07:15","modified_gmt":"2025-05-10T07:07:15","slug":"czapka-baseball","status":"publish","type":"product","link":"https:\/\/zulla.pl\/index.php\/product\/czapka-baseball\/","title":{"rendered":"Czapka baseball"},"content":{"rendered":"<p>Klasyczna czapka z daszkiem, b\u0119d\u0105ca nieod\u0142\u0105cznym elementem casualowego i sportowego stylu. Doskona\u0142a dla firm, dru\u017cyn sportowych, kampanii promocyjnych i event\u00f3w. Mo\u017cliwo\u015b\u0107 eleganckiego haftu logo na froncie lub indywidualnego nadruku. Dost\u0119pna w r\u00f3\u017cnych wersjach zapi\u0119\u0107 i rozmiar\u00f3w, aby dopasowa\u0107 si\u0119 do potrzeb ka\u017cdego zespo\u0142u. Ponadczasowy element identyfikacji wizualnej Twojej organizacji.<\/p>\n","protected":false},"excerpt":{"rendered":"<p>Klasyczna czapka z daszkiem, b\u0119d\u0105ca nieod\u0142\u0105cznym elementem casualowego i sportowego stylu. Doskona\u0142a dla firm, dru\u017cyn sportowych, kampanii promocyjnych i event\u00f3w. Mo\u017cliwo\u015b\u0107 eleganckiego haftu logo na froncie lub indywidualnego nadruku. Dost\u0119pna w r\u00f3\u017cnych wersjach zapi\u0119\u0107 i rozmiar\u00f3w, aby dopasowa\u0107 si\u0119 do potrzeb ka\u017cdego zespo\u0142u. Ponadczasowy element identyfikacji wizualnej Twojej organizacji.<\/p>\n","protected":false},"featured_media":0,"template":"","meta":[],"product_brand":[],"product_cat":[34],"product_tag":[],"class_list":{"0":"post-605","1":"product","2":"type-product","3":"status-publish","5":"product_cat-akcesoria","7":"first","8":"instock","9":"shipping-taxable","10":"product-type-simple"},"_links":{"self":[{"href":"https:\/\/zulla.pl\/index.php\/wp-json\/wp\/v2\/product\/605","targetHints":{"allow":["GET"]}}],"collection":[{"href":"https:\/\/zulla.pl\/index.php\/wp-json\/wp\/v2\/product"}],"about":[{"href":"https:\/\/zulla.pl\/index.php\/wp-json\/wp\/v2\/types\/product"}],"version-history":[{"count":1,"href":"https:\/\/zulla.pl\/index.php\/wp-json\/wp\/v2\/product\/605\/revisions"}],"predecessor-version":[{"id":606,"href":"https:\/\/zulla.pl\/index.php\/wp-json\/wp\/v2\/product\/605\/revisions\/606"}],"wp:attachment":[{"href":"https:\/\/zulla.pl\/index.php\/wp-json\/wp\/v2\/media?parent=605"}],"wp:term":[{"taxonomy":"product_brand","embeddable":true,"href":"https:\/\/zulla.pl\/index.php\/wp-json\/wp\/v2\/product_brand?post=605"},{"taxonomy":"product_cat","embeddable":true,"href":"https:\/\/zulla.pl\/index.php\/wp-json\/wp\/v2\/product_cat?post=605"},{"taxonomy":"product_tag","embeddable":true,"href":"https:\/\/zulla.pl\/index.php\/wp-json\/wp\/v2\/product_tag?post=605"}],"curies":[{"name":"wp","href":"https:\/\/api.w.org\/{rel}","templated":true}]}}