{"id":405,"date":"2020-05-17T11:14:21","date_gmt":"2020-05-17T09:14:21","guid":{"rendered":"https:\/\/zulla.pl\/index.php\/about\/"},"modified":"2025-05-11T10:58:17","modified_gmt":"2025-05-11T08:58:17","slug":"about","status":"publish","type":"page","link":"https:\/\/zulla.pl\/index.php\/about\/","title":{"rendered":"About"},"content":{"rendered":"\t\t<div data-elementor-type=\"wp-page\" data-elementor-id=\"405\" class=\"elementor elementor-405\">\n\t\t\t\t<div class=\"aux-parallax-section elementor-element elementor-element-b8e9b02 e-con-full e-flex e-con e-parent\" data-id=\"b8e9b02\" data-element_type=\"container\" data-settings=\"{&quot;background_background&quot;:&quot;classic&quot;}\">\n\t\t<div class=\"elementor-element elementor-element-f1f1843 e-con-full e-flex e-con e-child\" data-id=\"f1f1843\" data-element_type=\"container\" data-settings=\"{&quot;background_background&quot;:&quot;classic&quot;}\">\n\t\t\t\t<div class=\"elementor-element elementor-element-179146b elementor-widget__width-auto elementor-widget elementor-widget-aux_simple_svg\" data-id=\"179146b\" data-element_type=\"widget\" data-widget_type=\"aux_simple_svg.default\">\n\t\t\t\t<div class=\"elementor-widget-container\">\n\t\t\t\t\t    <div class=\"aux-widget-container aux-simple-svg-container\">\n        <div class=\"aux-widget-container-inner\">\n            <div class=\"aux-the-svg\"><img decoding=\"async\" src=\"https:\/\/zulla.pl\/wp-content\/uploads\/2020\/06\/Path-980.png\" title=\"demo-attachment-12-Path-980\" alt=\"demo-attachment-12-Path-980\" loading=\"lazy\" \/><\/div>\n        <\/div>\n    <\/div>\n    \t\t\t\t<\/div>\n\t\t\t\t<\/div>\n\t\t\t\t<div class=\"elementor-element elementor-element-7edb973 elementor-widget__width-auto elementor-widget elementor-widget-aux_simple_svg\" data-id=\"7edb973\" data-element_type=\"widget\" data-widget_type=\"aux_simple_svg.default\">\n\t\t\t\t<div class=\"elementor-widget-container\">\n\t\t\t\t\t    <div class=\"aux-widget-container aux-simple-svg-container\">\n        <div class=\"aux-widget-container-inner\">\n            <div class=\"aux-the-svg\"><img decoding=\"async\" src=\"https:\/\/zulla.pl\/wp-content\/uploads\/2020\/05\/Path-979.png\" title=\"demo-attachment-22-Path-979\" alt=\"demo-attachment-22-Path-979\" loading=\"lazy\" \/><\/div>\n        <\/div>\n    <\/div>\n    \t\t\t\t<\/div>\n\t\t\t\t<\/div>\n\t\t<div class=\"elementor-element elementor-element-1ad7f48 e-con-full e-flex e-con e-child\" data-id=\"1ad7f48\" data-element_type=\"container\">\n\t\t<div class=\"elementor-element elementor-element-345dd7d e-con-full e-flex e-con e-child\" data-id=\"345dd7d\" data-element_type=\"container\">\n\t\t\t\t<div class=\"elementor-element elementor-element-6998f88 elementor-widget elementor-widget-aux_modern_heading\" data-id=\"6998f88\" data-element_type=\"widget\" data-widget_type=\"aux_modern_heading.default\">\n\t\t\t\t<div class=\"elementor-widget-container\">\n\t\t\t\t\t<section class=\"aux-widget-modern-heading\">\n            <div class=\"aux-widget-inner\"><h2 class=\"aux-modern-heading-primary\">O Nas<\/h2><\/div>\n        <\/section>\t\t\t\t<\/div>\n\t\t\t\t<\/div>\n\t\t\t\t<\/div>\n\t\t\t\t<\/div>\n\t\t\t\t<\/div>\n\t\t\t\t<\/div>\n\t\t<div class=\"aux-parallax-section elementor-element elementor-element-c37dbfc e-flex e-con-boxed e-con e-parent\" data-id=\"c37dbfc\" data-element_type=\"container\">\n\t\t\t\t\t<div class=\"e-con-inner\">\n\t\t\t\t<div class=\"aux-scroll-anim elementor-element elementor-element-c715ce2 aux-shpe-type-rectangle elementor-widget elementor-widget-aux_simple_shape\" data-move-in=\"rotateIn\" data-move-out=\"rotateIn\" data-axis-x=\"200\" data-axis-y=\"200\" data-rotate=\"-6\" data-scale=\"1\" data-vp-top=\"0.5\" data-vp-bot=\"0.5\" data-el-top=\"0.2\" data-scroll-animation-off=\"1024\" data-id=\"c715ce2\" data-element_type=\"widget\" data-widget_type=\"aux_simple_shape.default\">\n\t\t\t\t<div class=\"elementor-widget-container\">\n\t\t\t\t\t    <div class=\"aux-widget-container aux-simple-shape-container\">\n        <div class=\"aux-widget-container-inner\">\n            <div class=\"aux-the-shape\"><\/div>\n        <\/div>\n    <\/div>\n    \t\t\t\t<\/div>\n\t\t\t\t<\/div>\n\t\t\t\t<div class=\"aux-scroll-anim elementor-element elementor-element-849308a aux-shpe-type-rectangle elementor-widget elementor-widget-aux_simple_shape\" data-move-in=\"rotateIn\" data-move-out=\"rotateIn\" data-axis-x=\"200\" data-axis-y=\"200\" data-rotate=\"-6\" data-scale=\"1\" data-vp-top=\"0.5\" data-vp-bot=\"0.5\" data-el-top=\"0.2\" data-scroll-animation-off=\"1024\" data-id=\"849308a\" data-element_type=\"widget\" data-widget_type=\"aux_simple_shape.default\">\n\t\t\t\t<div class=\"elementor-widget-container\">\n\t\t\t\t\t    <div class=\"aux-widget-container aux-simple-shape-container\">\n        <div class=\"aux-widget-container-inner\">\n            <div class=\"aux-the-shape\"><\/div>\n        <\/div>\n    <\/div>\n    \t\t\t\t<\/div>\n\t\t\t\t<\/div>\n\t\t<div class=\"elementor-element elementor-element-1360d2b e-con-full e-flex e-con e-child\" data-id=\"1360d2b\" data-element_type=\"container\">\n\t\t<div class=\"elementor-element elementor-element-7960287 e-con-full e-flex e-con e-child\" data-id=\"7960287\" data-element_type=\"container\">\n\t\t<div class=\"elementor-element elementor-element-8baee6e e-con-full e-flex e-con e-child\" data-id=\"8baee6e\" data-element_type=\"container\">\n\t\t\t\t<div class=\"elementor-element elementor-element-09342bf aux-appear-watch-animation aux-fade-in-up-1 elementor-widget elementor-widget-aux_modern_heading\" data-id=\"09342bf\" data-element_type=\"widget\" data-widget_type=\"aux_modern_heading.default\">\n\t\t\t\t<div class=\"elementor-widget-container\">\n\t\t\t\t\t<section class=\"aux-widget-modern-heading\">\n            <div class=\"aux-widget-inner\"><h2 class=\"aux-modern-heading-primary\">O Nas<\/h2><h3 class=\"aux-modern-heading-secondary\"><span class=\"aux-head-highlight\">Poznaj ZULLA<\/span><\/h3><div class=\"aux-modern-heading-divider\"><\/div><div class=\"aux-modern-heading-description\"><p>Jeste\u015bmy Twoim partnerem w dziedzinie profesjonalnego znakowania odzie\u017cy i artyku\u0142\u00f3w promocyjnych. W ZULLA specjalizujemy si\u0119 w dostarczaniu wysokiej jako\u015bci, personalizowanych produkt\u00f3w dla firm, agencji eventowych oraz klub\u00f3w i organizacji sportowych. Rozumiemy, jak wa\u017cny jest wizerunek i identyfikacja marki, dlatego do ka\u017cdego projektu podchodzimy z pe\u0142nym zaanga\u017cowaniem.<\/p><\/div><\/div>\n        <\/section>\t\t\t\t<\/div>\n\t\t\t\t<\/div>\n\t\t\t\t<\/div>\n\t\t<div class=\"elementor-element elementor-element-e55538c e-con-full e-flex e-con e-child\" data-id=\"e55538c\" data-element_type=\"container\">\n\t\t\t\t<div class=\"elementor-element elementor-element-919a66f aux-appear-watch-animation aux-fade-in-up-2 elementor-widget elementor-widget-aux_image\" data-id=\"919a66f\" data-element_type=\"widget\" data-widget_type=\"aux_image.default\">\n\t\t\t\t<div class=\"elementor-widget-container\">\n\t\t\t\t\t<section class=\"widget-container aux-widget-image aux-alignnone aux-parent-au48b57078\">\n    <div class=\"aux-media-hint-frame \">\n        <div class=\"aux-media-image \" >\n        \n            \n\n            \n            <img fetchpriority=\"high\" decoding=\"async\" width=\"1024\" height=\"1024\" src=\"https:\/\/zulla.pl\/wp-content\/uploads\/2025\/05\/wydrukujemy.png\" class=\"aux-attachment aux-featured-image aux-attachment-id-773\" alt=\"wydrukujemy\" data-ratio=\"1\" data-original-w=\"1024\" \/>            \n                <\/div>\n    <\/div>\n\n<\/section><!-- widget-container -->\t\t\t\t<\/div>\n\t\t\t\t<\/div>\n\t\t\t\t<\/div>\n\t\t\t\t<\/div>\n\t\t\t\t<\/div>\n\t\t\t\t\t<\/div>\n\t\t\t\t<\/div>\n\t\t<div class=\"aux-parallax-section elementor-element elementor-element-097e0fb aux-appear-watch-animation aux-scale-down e-flex e-con-boxed e-con e-parent\" data-id=\"097e0fb\" data-element_type=\"container\">\n\t\t\t\t\t<div class=\"e-con-inner\">\n\t\t<div class=\"elementor-element elementor-element-f7c3d51 e-con-full e-flex e-con e-child\" data-id=\"f7c3d51\" data-element_type=\"container\" data-settings=\"{&quot;background_background&quot;:&quot;gradient&quot;}\">\n\t\t<div class=\"elementor-element elementor-element-9c30a4c e-con-full e-flex e-con e-child\" data-id=\"9c30a4c\" data-element_type=\"container\">\n\t\t<div class=\"elementor-element elementor-element-c2d27d5 e-con-full e-flex e-con e-child\" data-id=\"c2d27d5\" data-element_type=\"container\">\n\t\t\t\t<div class=\"elementor-element elementor-element-ceb0f7d elementor-widget elementor-widget-aux_modern_heading\" data-id=\"ceb0f7d\" data-element_type=\"widget\" data-widget_type=\"aux_modern_heading.default\">\n\t\t\t\t<div class=\"elementor-widget-container\">\n\t\t\t\t\t<section class=\"aux-widget-modern-heading\">\n            <div class=\"aux-widget-inner\"><h2 class=\"aux-modern-heading-primary\">Nasza misja: <\/h2><div class=\"aux-modern-heading-description\"><p><span class=\"_fadeIn_m1hgl_8\">Tworzymy <\/span><span class=\"_fadeIn_m1hgl_8\">personalizowane <\/span><span class=\"_fadeIn_m1hgl_8\">gad\u017cety, <\/span><span class=\"_fadeIn_m1hgl_8\">kt\u00f3re <\/span><span class=\"_fadeIn_m1hgl_8\">buduj\u0105 <\/span><span class=\"_fadeIn_m1hgl_8\">to\u017csamo\u015b\u0107, <\/span><span class=\"_fadeIn_m1hgl_8\">wzmacniaj\u0105 <\/span><span class=\"_fadeIn_m1hgl_8\">emocje <\/span><span class=\"_fadeIn_m1hgl_8\">i <\/span><span class=\"_fadeIn_m1hgl_8\">\u0142\u0105cz\u0105 <\/span><span class=\"_fadeIn_m1hgl_8\">ludzi <\/span><span class=\"_fadeIn_m1hgl_8\">z <\/span><span class=\"_fadeIn_m1hgl_8\">markami, <\/span><span class=\"_fadeIn_m1hgl_8\">klubami <\/span><span class=\"_fadeIn_m1hgl_8\">i <\/span><span class=\"_fadeIn_m1hgl_8\">wydarzeniami. <\/span><span class=\"_fadeIn_m1hgl_8\">Nasz\u0105 <\/span><span class=\"_fadeIn_m1hgl_8\">misj\u0105 <\/span><span class=\"_fadeIn_m1hgl_8\">jest <\/span><span class=\"_fadeIn_m1hgl_8\">dostarcza\u0107 <\/span><span class=\"_fadeIn_m1hgl_8\">produkty <\/span><span class=\"_fadeIn_m1hgl_8\">najwy\u017cszej <\/span><span class=\"_fadeIn_m1hgl_8\">jako\u015bci \u2013 <\/span><span class=\"_fadeIn_m1hgl_8\">szybko, <\/span><span class=\"_fadeIn_m1hgl_8\">elastycznie <\/span><span class=\"_fadeIn_m1hgl_8\">i <\/span><span class=\"_fadeIn_m1hgl_8\">z <\/span><span class=\"_fadeIn_m1hgl_8\">pasj\u0105 <\/span><span class=\"_fadeIn_m1hgl_8\">do <\/span><span class=\"_fadeIn_m1hgl_8\">detali.<\/span><\/p><\/div><\/div>\n        <\/section>\t\t\t\t<\/div>\n\t\t\t\t<\/div>\n\t\t\t\t<\/div>\n\t\t\t\t<\/div>\n\t\t\t\t<\/div>\n\t\t\t\t\t<\/div>\n\t\t\t\t<\/div>\n\t\t<div class=\"aux-parallax-section elementor-element elementor-element-9f7d4ff e-con-full e-flex e-con e-parent\" data-id=\"9f7d4ff\" data-element_type=\"container\">\n\t\t<div class=\"elementor-element elementor-element-4f88f66 e-con-full e-flex e-con e-child\" data-id=\"4f88f66\" data-element_type=\"container\">\n\t\t\t\t<div class=\"elementor-element elementor-element-04dc93a elementor-widget__width-auto elementor-widget elementor-widget-aux_simple_svg\" data-id=\"04dc93a\" data-element_type=\"widget\" data-widget_type=\"aux_simple_svg.default\">\n\t\t\t\t<div class=\"elementor-widget-container\">\n\t\t\t\t\t    <div class=\"aux-widget-container aux-simple-svg-container\">\n        <div class=\"aux-widget-container-inner\">\n            <div class=\"aux-the-svg\"><img decoding=\"async\" src=\"https:\/\/zulla.pl\/wp-content\/uploads\/2020\/05\/Path-969.svg\" title=\"demo-attachment-40-Path-969\" alt=\"demo-attachment-40-Path-969\" loading=\"lazy\" \/><\/div>\n        <\/div>\n    <\/div>\n    \t\t\t\t<\/div>\n\t\t\t\t<\/div>\n\t\t\t\t<\/div>\n\t\t\t\t<\/div>\n\t\t<div class=\"aux-parallax-section elementor-element elementor-element-9eb0412 aux-appear-watch-animation aux-fade-in-up e-flex e-con-boxed e-con e-parent\" data-id=\"9eb0412\" data-element_type=\"container\">\n\t\t\t\t\t<div class=\"e-con-inner\">\n\t\t<div class=\"elementor-element elementor-element-307d997 e-con-full e-flex e-con e-child\" data-id=\"307d997\" data-element_type=\"container\" data-settings=\"{&quot;background_background&quot;:&quot;classic&quot;}\">\n\t\t<div class=\"elementor-element elementor-element-1ece656 e-con-full e-flex e-con e-child\" data-id=\"1ece656\" data-element_type=\"container\">\n\t\t<div class=\"elementor-element elementor-element-8aba694 e-con-full e-flex e-con e-child\" data-id=\"8aba694\" data-element_type=\"container\">\n\t\t\t\t<div class=\"elementor-element elementor-element-22152f6 aux-appear-watch-animation aux-fade-in-up elementor-widget elementor-widget-aux_modern_heading\" data-id=\"22152f6\" data-element_type=\"widget\" data-widget_type=\"aux_modern_heading.default\">\n\t\t\t\t<div class=\"elementor-widget-container\">\n\t\t\t\t\t<section class=\"aux-widget-modern-heading\">\n            <div class=\"aux-widget-inner\"><h2 class=\"aux-modern-heading-primary\">FAQ<\/h2><h3 class=\"aux-modern-heading-secondary\"><span class=\"aux-head-highlight\">Najcz\u0119\u015bciej zadawane pytania<\/span><\/h3><div class=\"aux-modern-heading-divider\"><\/div><\/div>\n        <\/section>\t\t\t\t<\/div>\n\t\t\t\t<\/div>\n\t\t\t\t<\/div>\n\t\t<div class=\"elementor-element elementor-element-b72a023 e-con-full e-flex e-con e-child\" data-id=\"b72a023\" data-element_type=\"container\">\n\t\t\t\t<div class=\"elementor-element elementor-element-fc6166d aux-appear-watch-animation aux-fade-in-up elementor-widget elementor-widget-text-editor\" data-id=\"fc6166d\" data-element_type=\"widget\" data-widget_type=\"text-editor.default\">\n\t\t\t\t<div class=\"elementor-widget-container\">\n\t\t\t\t\t\t\t\t\t<p>Chcesz dowiedzie\u0107 si\u0119 wi\u0119cej? Zebrali\u015bmy tutaj odpowiedzi na najcz\u0119\u015bciej zadawane pytania, aby u\u0142atwi\u0107 Ci wsp\u00f3\u0142prac\u0119 z ZULLA.<\/p>\t\t\t\t\t\t\t\t<\/div>\n\t\t\t\t<\/div>\n\t\t\t\t<\/div>\n\t\t\t\t<\/div>\n\t\t<div class=\"elementor-element elementor-element-c7d2e11 e-con-full e-flex e-con e-child\" data-id=\"c7d2e11\" data-element_type=\"container\">\n\t\t<div class=\"elementor-element elementor-element-e3beafb e-con-full e-flex e-con e-child\" data-id=\"e3beafb\" data-element_type=\"container\">\n\t\t\t\t<div class=\"elementor-element elementor-element-8f4b755 aux-appear-watch-animation aux-fade-in-up elementor-widget elementor-widget-aux_accordion\" data-id=\"8f4b755\" data-element_type=\"widget\" data-widget_type=\"aux_accordion.default\">\n\t\t\t\t<div class=\"elementor-widget-container\">\n\t\t\t\t\t<section class=\"widget-container aux-widget-accordion widget-toggle aux-parent-aud86376b0\" style=\"\" ><div class=\"widget-inner  aux-type-toggle\" data-toggle=\"true\"><section class=\"aux-toggle-item\"><h5 id=\"aux-toggle-header-1501\" class=\"aux-toggle-header toggle-header\" tabindex=\"1501\" role=\"tab\" aria-controls=\"aux-toggle-content-1501\" >Pytanie: Jak mog\u0119 z\u0142o\u017cy\u0107 zam\u00f3wienie lub poprosi\u0107 o wycen\u0119?<\/h5><div id=\"aux-toggle-content-1501\" class=\"aux-toggle-content toggle-content\" tabindex=\"1501\" role=\"tabpanel\" aria-labelledby=\"aux-toggle-header-1501\" ><p>Najpro\u015bciej skontaktowa\u0107 si\u0119 z nami poprzez formularz na stronie \"kontakt\", wysy\u0142aj\u0105c e-mail na biuro@zulla.pl lub dzwoni\u0105c pod numer. Opisz nam sw\u00f3j projekt, ilo\u015b\u0107, rodzaj produktu, a my szybko przygotujemy indywidualn\u0105 ofert\u0119.<\/p><\/div><\/section><section class=\"aux-toggle-item\"><h5 id=\"aux-toggle-header-1502\" class=\"aux-toggle-header toggle-header\" tabindex=\"1502\" role=\"tab\" aria-controls=\"aux-toggle-content-1502\" >Czy istnieje minimalna ilo\u015b\u0107 zam\u00f3wienia (MOQ)?<\/h5><div id=\"aux-toggle-content-1502\" class=\"aux-toggle-content toggle-content\" tabindex=\"1502\" role=\"tabpanel\" aria-labelledby=\"aux-toggle-header-1502\" ><p>Realizujemy r\u00f3\u017cnorodne zam\u00f3wienia. Minimalna ilo\u015b\u0107 mo\u017ce zale\u017ce\u0107 od wybranego produktu i technologii znakowania (np. sitodruk jest bardziej op\u0142acalny przy wi\u0119kszych nak\u0142adach). Zawsze staramy si\u0119 znale\u017a\u0107 rozwi\u0105zanie \u2013 zapytaj nas o szczeg\u00f3\u0142y dla Twojego projektu.<\/p><\/div><\/section><section class=\"aux-toggle-item\"><h5 id=\"aux-toggle-header-1503\" class=\"aux-toggle-header toggle-header\" tabindex=\"1503\" role=\"tab\" aria-controls=\"aux-toggle-content-1503\" >W jakim formacie najlepiej przes\u0142a\u0107 logo lub projekt graficzny?<\/h5><div id=\"aux-toggle-content-1503\" class=\"aux-toggle-content toggle-content\" tabindex=\"1503\" role=\"tabpanel\" aria-labelledby=\"aux-toggle-header-1503\" ><p>Preferujemy pliki wektorowe (np. .AI, .EPS, .PDF, .CDR), poniewa\u017c gwarantuj\u0105 najlepsz\u0105 jako\u015b\u0107. W przypadku grafik rastrowych (.JPG, .PNG) prosimy o jak najwy\u017csz\u0105 mo\u017cliw\u0105 rozdzielczo\u015b\u0107.<\/p><\/div><\/section><section class=\"aux-toggle-item\"><h5 id=\"aux-toggle-header-1504\" class=\"aux-toggle-header toggle-header\" tabindex=\"1504\" role=\"tab\" aria-controls=\"aux-toggle-content-1504\" >Czy realizujecie wysy\u0142k\u0119 zam\u00f3wie\u0144?<\/h5><div id=\"aux-toggle-content-1504\" class=\"aux-toggle-content toggle-content\" tabindex=\"1504\" role=\"tabpanel\" aria-labelledby=\"aux-toggle-header-1504\" ><p>Tak, gotowe produkty wysy\u0142amy na wskazany adres za po\u015brednictwem sprawdzonych firm kurierskich. Koszt wysy\u0142ki jest ustalany indywidualnie w zale\u017cno\u015bci od wielko\u015bci zam\u00f3wienia.<\/p><\/div><\/section><\/div><\/section><!-- widget-container -->\t\t\t\t<\/div>\n\t\t\t\t<\/div>\n\t\t\t\t<\/div>\n\t\t<div class=\"elementor-element elementor-element-b93b31a e-con-full e-flex e-con e-child\" data-id=\"b93b31a\" data-element_type=\"container\">\n\t\t\t\t<div class=\"elementor-element elementor-element-ddef37d aux-appear-watch-animation aux-fade-in-up elementor-widget elementor-widget-aux_accordion\" data-id=\"ddef37d\" data-element_type=\"widget\" data-widget_type=\"aux_accordion.default\">\n\t\t\t\t<div class=\"elementor-widget-container\">\n\t\t\t\t\t<section class=\"widget-container aux-widget-accordion widget-toggle aux-parent-au05d9583a\" style=\"\" ><div class=\"widget-inner  aux-type-toggle\" data-toggle=\"true\"><section class=\"aux-toggle-item\"><h5 id=\"aux-toggle-header-2321\" class=\"aux-toggle-header toggle-header\" tabindex=\"2321\" role=\"tab\" aria-controls=\"aux-toggle-content-2321\" >Czy otrzymam wizualizacj\u0119 produktu przed rozpocz\u0119ciem produkcji?<\/h5><div id=\"aux-toggle-content-2321\" class=\"aux-toggle-content toggle-content\" tabindex=\"2321\" role=\"tabpanel\" aria-labelledby=\"aux-toggle-header-2321\" ><p>Tak, standardowo przed uruchomieniem produkcji przesy\u0142amy cyfrow\u0105 wizualizacj\u0119 Twojego produktu ze znakowaniem do Twojej akceptacji. Chcemy mie\u0107 pewno\u015b\u0107, \u017ce efekt ko\u0144cowy b\u0119dzie zgodny z Twoimi oczekiwaniami.<\/p><\/div><\/section><section class=\"aux-toggle-item\"><h5 id=\"aux-toggle-header-2322\" class=\"aux-toggle-header toggle-header\" tabindex=\"2322\" role=\"tab\" aria-controls=\"aux-toggle-content-2322\" >Jakie techniki znakowania oferujecie i kt\u00f3ra b\u0119dzie dla mnie najlepsza?<\/h5><div id=\"aux-toggle-content-2322\" class=\"aux-toggle-content toggle-content\" tabindex=\"2322\" role=\"tabpanel\" aria-labelledby=\"aux-toggle-header-2322\" ><p>Dysponujemy szerok\u0105 gam\u0105 technik, w tym m.in. sublimacj\u0105, sitodrukiem, haftem komputerowym, termotransferem i DTG. Nasi eksperci ch\u0119tnie doradz\u0105 najlepsz\u0105 metod\u0119, bior\u0105c pod uwag\u0119 rodzaj materia\u0142u, nak\u0142ad, Tw\u00f3j projekt graficzny oraz bud\u017cet.<\/p><\/div><\/section><section class=\"aux-toggle-item\"><h5 id=\"aux-toggle-header-2323\" class=\"aux-toggle-header toggle-header\" tabindex=\"2323\" role=\"tab\" aria-controls=\"aux-toggle-content-2323\" >Jaki jest standardowy czas realizacji zam\u00f3wienia?<\/h5><div id=\"aux-toggle-content-2323\" class=\"aux-toggle-content toggle-content\" tabindex=\"2323\" role=\"tabpanel\" aria-labelledby=\"aux-toggle-header-2323\" ><p>Standardowy czas realizacji to zwykle [np. 7-14 dni roboczych] od momentu akceptacji projektu i potwierdzenia zam\u00f3wienia. Dok\u0142adny termin zawsze ustalamy indywidualnie, w zale\u017cno\u015bci od aktualnego ob\u0142o\u017cenia i specyfiki zlecenia.<\/p><\/div><\/section><section class=\"aux-toggle-item\"><h5 id=\"aux-toggle-header-2324\" class=\"aux-toggle-header toggle-header\" tabindex=\"2324\" role=\"tab\" aria-controls=\"aux-toggle-content-2324\" >Jak dba\u0107 o odzie\u017c ze znakowaniem, aby by\u0142a jak najd\u0142u\u017cej trwa\u0142a?<\/h5><div id=\"aux-toggle-content-2324\" class=\"aux-toggle-content toggle-content\" tabindex=\"2324\" role=\"tabpanel\" aria-labelledby=\"aux-toggle-header-2324\" ><p>Zalecamy pranie odzie\u017cy na lewej stronie, w temperaturze do [np. 30-40\u00b0C], unikanie silnych detergent\u00f3w, wybielaczy oraz suszenia w suszarce b\u0119bnowej. Prasowanie r\u00f3wnie\u017c zalecamy na lewej stronie lub przez materia\u0142 ochronny.<\/p><\/div><\/section><\/div><\/section><!-- widget-container -->\t\t\t\t<\/div>\n\t\t\t\t<\/div>\n\t\t\t\t<\/div>\n\t\t\t\t<\/div>\n\t\t\t\t<\/div>\n\t\t\t\t\t<\/div>\n\t\t\t\t<\/div>\n\t\t\t\t<\/div>\n\t\t","protected":false},"excerpt":{"rendered":"<p>O Nas O Nas Poznaj ZULLA Jeste\u015bmy Twoim partnerem w dziedzinie profesjonalnego znakowania odzie\u017cy i artyku\u0142\u00f3w promocyjnych. W ZULLA specjalizujemy si\u0119 w dostarczaniu wysokiej jako\u015bci, personalizowanych produkt\u00f3w dla firm, agencji eventowych oraz klub\u00f3w i organizacji sportowych. Rozumiemy, jak wa\u017cny jest wizerunek i identyfikacja marki, dlatego do ka\u017cdego projektu podchodzimy z pe\u0142nym zaanga\u017cowaniem. Nasza misja: Tworzymy [&hellip;]<\/p>\n","protected":false},"author":1,"featured_media":0,"parent":0,"menu_order":0,"comment_status":"closed","ping_status":"closed","template":"","meta":{"footnotes":""},"class_list":["post-405","page","type-page","status-publish","hentry"],"_links":{"self":[{"href":"https:\/\/zulla.pl\/index.php\/wp-json\/wp\/v2\/pages\/405","targetHints":{"allow":["GET"]}}],"collection":[{"href":"https:\/\/zulla.pl\/index.php\/wp-json\/wp\/v2\/pages"}],"about":[{"href":"https:\/\/zulla.pl\/index.php\/wp-json\/wp\/v2\/types\/page"}],"author":[{"embeddable":true,"href":"https:\/\/zulla.pl\/index.php\/wp-json\/wp\/v2\/users\/1"}],"replies":[{"embeddable":true,"href":"https:\/\/zulla.pl\/index.php\/wp-json\/wp\/v2\/comments?post=405"}],"version-history":[{"count":24,"href":"https:\/\/zulla.pl\/index.php\/wp-json\/wp\/v2\/pages\/405\/revisions"}],"predecessor-version":[{"id":894,"href":"https:\/\/zulla.pl\/index.php\/wp-json\/wp\/v2\/pages\/405\/revisions\/894"}],"wp:attachment":[{"href":"https:\/\/zulla.pl\/index.php\/wp-json\/wp\/v2\/media?parent=405"}],"curies":[{"name":"wp","href":"https:\/\/api.w.org\/{rel}","templated":true}]}}