{"id":404,"date":"2020-05-17T11:14:41","date_gmt":"2020-05-17T09:14:41","guid":{"rendered":"https:\/\/zulla.pl\/index.php\/contact\/"},"modified":"2025-05-11T08:38:18","modified_gmt":"2025-05-11T06:38:18","slug":"contact","status":"publish","type":"page","link":"https:\/\/zulla.pl\/index.php\/contact\/","title":{"rendered":"Contact"},"content":{"rendered":"\t\t<div data-elementor-type=\"wp-page\" data-elementor-id=\"404\" class=\"elementor elementor-404\">\n\t\t\t\t<div class=\"aux-parallax-section elementor-element elementor-element-4993f1e e-con-full e-flex e-con e-parent\" data-id=\"4993f1e\" data-element_type=\"container\" data-settings=\"{&quot;background_background&quot;:&quot;classic&quot;}\">\n\t\t\t\t<div class=\"elementor-element elementor-element-4663bb1 elementor-widget__width-auto elementor-widget-tablet__width-initial elementor-widget elementor-widget-aux_simple_svg\" data-id=\"4663bb1\" data-element_type=\"widget\" data-widget_type=\"aux_simple_svg.default\">\n\t\t\t\t<div class=\"elementor-widget-container\">\n\t\t\t\t\t    <div class=\"aux-widget-container aux-simple-svg-container\">\n        <div class=\"aux-widget-container-inner\">\n            <div class=\"aux-the-svg\"><img decoding=\"async\" src=\"https:\/\/zulla.pl\/wp-content\/uploads\/2020\/06\/Path-980.png\" title=\"demo-attachment-12-Path-980\" alt=\"demo-attachment-12-Path-980\" loading=\"lazy\" \/><\/div>\n        <\/div>\n    <\/div>\n    \t\t\t\t<\/div>\n\t\t\t\t<\/div>\n\t\t\t\t<div class=\"elementor-element elementor-element-d440724 elementor-widget__width-auto elementor-widget-tablet__width-initial elementor-widget elementor-widget-aux_simple_svg\" data-id=\"d440724\" data-element_type=\"widget\" data-widget_type=\"aux_simple_svg.default\">\n\t\t\t\t<div class=\"elementor-widget-container\">\n\t\t\t\t\t    <div class=\"aux-widget-container aux-simple-svg-container\">\n        <div class=\"aux-widget-container-inner\">\n            <div class=\"aux-the-svg\"><img decoding=\"async\" src=\"https:\/\/zulla.pl\/wp-content\/uploads\/2020\/05\/Path-979.png\" title=\"demo-attachment-22-Path-979\" alt=\"demo-attachment-22-Path-979\" loading=\"lazy\" \/><\/div>\n        <\/div>\n    <\/div>\n    \t\t\t\t<\/div>\n\t\t\t\t<\/div>\n\t\t<div class=\"elementor-element elementor-element-8071c20 e-con-full e-flex e-con e-child\" data-id=\"8071c20\" data-element_type=\"container\" data-settings=\"{&quot;background_background&quot;:&quot;classic&quot;}\">\n\t\t<div class=\"elementor-element elementor-element-181f5a5 e-con-full e-flex e-con e-child\" data-id=\"181f5a5\" data-element_type=\"container\">\n\t\t<div class=\"elementor-element elementor-element-b977aee e-con-full e-flex e-con e-child\" data-id=\"b977aee\" data-element_type=\"container\">\n\t\t\t\t<div class=\"elementor-element elementor-element-cfd1e2d elementor-widget elementor-widget-aux_modern_heading\" data-id=\"cfd1e2d\" data-element_type=\"widget\" data-widget_type=\"aux_modern_heading.default\">\n\t\t\t\t<div class=\"elementor-widget-container\">\n\t\t\t\t\t<section class=\"aux-widget-modern-heading\">\n            <div class=\"aux-widget-inner\"><h2 class=\"aux-modern-heading-primary\">Kontakt<\/h2><\/div>\n        <\/section>\t\t\t\t<\/div>\n\t\t\t\t<\/div>\n\t\t\t\t<\/div>\n\t\t\t\t<\/div>\n\t\t\t\t<\/div>\n\t\t\t\t<\/div>\n\t\t<div class=\"aux-parallax-section elementor-element elementor-element-6137829 e-flex e-con-boxed e-con e-parent\" data-id=\"6137829\" data-element_type=\"container\">\n\t\t\t\t\t<div class=\"e-con-inner\">\n\t\t<div class=\"elementor-element elementor-element-93ca98d e-con-full e-flex e-con e-child\" data-id=\"93ca98d\" data-element_type=\"container\">\n\t\t\t\t<div class=\"elementor-element elementor-element-2d9e15b aux-appear-watch-animation aux-fade-in-right-1 elementor-widget elementor-widget-aux_modern_heading\" data-id=\"2d9e15b\" data-element_type=\"widget\" data-widget_type=\"aux_modern_heading.default\">\n\t\t\t\t<div class=\"elementor-widget-container\">\n\t\t\t\t\t<section class=\"aux-widget-modern-heading\">\n            <div class=\"aux-widget-inner\"><h2 class=\"aux-modern-heading-primary\">Skontaktuj si\u0119<\/h2><h3 class=\"aux-modern-heading-secondary\"><span class=\"aux-head-highlight\">Wyce\u0144 zlecenie<\/span><\/h3><div class=\"aux-modern-heading-divider\"><\/div><\/div>\n        <\/section>\t\t\t\t<\/div>\n\t\t\t\t<\/div>\n\t\t\t\t<\/div>\n\t\t<div class=\"elementor-element elementor-element-d2cd82d e-con-full e-flex e-con e-child\" data-id=\"d2cd82d\" data-element_type=\"container\">\n\t\t\t\t<div class=\"elementor-element elementor-element-e313803 aux-appear-watch-animation aux-fade-in-right-1 elementor-widget elementor-widget-text-editor\" data-id=\"e313803\" data-element_type=\"widget\" data-widget_type=\"text-editor.default\">\n\t\t\t\t<div class=\"elementor-widget-container\">\n\t\t\t\t\t\t\t\t\t<p>Chcesz zam\u00f3wi\u0107 odzie\u017c firmow\u0105, stroje sportowe lub gad\u017cety reklamowe z w\u0142asnym logo? Skorzystaj z formularza, aby opisa\u0107 nam sw\u00f3j projekt. Ch\u0119tnie pomo\u017cemy dobra\u0107 najlepsze rozwi\u0105zania i technologie, a nast\u0119pnie przedstawimy korzystn\u0105 ofert\u0119.<\/p>\t\t\t\t\t\t\t\t<\/div>\n\t\t\t\t<\/div>\n\t\t\t\t<\/div>\n\t\t\t\t\t<\/div>\n\t\t\t\t<\/div>\n\t\t<div class=\"aux-parallax-section elementor-element elementor-element-8fd7656 e-flex e-con-boxed e-con e-parent\" data-id=\"8fd7656\" data-element_type=\"container\">\n\t\t\t\t\t<div class=\"e-con-inner\">\n\t\t<div class=\"elementor-element elementor-element-3783555 e-con-full e-flex e-con e-child\" data-id=\"3783555\" data-element_type=\"container\">\n\t\t\t\t<div class=\"aux-scroll-anim elementor-element elementor-element-83bad47 aux-shpe-type-rectangle elementor-widget elementor-widget-aux_simple_shape\" data-move-in=\"rotateIn\" data-move-out=\"rotateIn\" data-axis-x=\"200\" data-axis-y=\"200\" data-rotate=\"8\" data-scale=\"1\" data-vp-top=\"0.5\" data-vp-bot=\"0.5\" data-el-top=\"0.2\" data-scroll-animation-off=\"1024\" data-id=\"83bad47\" data-element_type=\"widget\" data-widget_type=\"aux_simple_shape.default\">\n\t\t\t\t<div class=\"elementor-widget-container\">\n\t\t\t\t\t    <div class=\"aux-widget-container aux-simple-shape-container\">\n        <div class=\"aux-widget-container-inner\">\n            <div class=\"aux-the-shape\"><\/div>\n        <\/div>\n    <\/div>\n    \t\t\t\t<\/div>\n\t\t\t\t<\/div>\n\t\t<div class=\"elementor-element elementor-element-337bc70 aux-appear-watch-animation aux-fade-in-up-1 e-con-full e-flex e-con e-child\" data-id=\"337bc70\" data-element_type=\"container\">\n\t\t<div class=\"elementor-element elementor-element-d38912c e-con-full e-flex e-con e-child\" data-id=\"d38912c\" data-element_type=\"container\" data-settings=\"{&quot;background_background&quot;:&quot;classic&quot;}\">\n\t\t\t\t<div class=\"elementor-element elementor-element-72505a9 elementor-widget elementor-widget-spacer\" data-id=\"72505a9\" data-element_type=\"widget\" data-widget_type=\"spacer.default\">\n\t\t\t\t<div class=\"elementor-widget-container\">\n\t\t\t\t\t\t\t<div class=\"elementor-spacer\">\n\t\t\t<div class=\"elementor-spacer-inner\"><\/div>\n\t\t<\/div>\n\t\t\t\t\t\t<\/div>\n\t\t\t\t<\/div>\n\t\t\t\t<div class=\"elementor-element elementor-element-5b57637 elementor-widget__width-initial elementor-widget elementor-widget-aux_contact_form\" data-id=\"5b57637\" data-element_type=\"widget\" data-widget_type=\"aux_contact_form.default\">\n\t\t\t\t<div class=\"elementor-widget-container\">\n\t\t\t\t\t<section class=\"widget-container aux-widget-contact-form aux-parent-au75d0afca\">            <div class=\"aux-col-wrapper aux-no-gutter\">\n            <!-- @TODO - The output for element here -->\n\n            \n<div class=\"wpcf7 no-js\" id=\"wpcf7-f759-o1\" lang=\"pl-PL\" dir=\"ltr\" data-wpcf7-id=\"759\">\n<div class=\"screen-reader-response\"><p role=\"status\" aria-live=\"polite\" aria-atomic=\"true\"><\/p> <ul><\/ul><\/div>\n<form action=\"\/index.php\/wp-json\/wp\/v2\/pages\/404#wpcf7-f759-o1\" method=\"post\" class=\"wpcf7-form init\" aria-label=\"Formularz kontaktowy\" enctype=\"multipart\/form-data\" novalidate=\"novalidate\" data-status=\"init\">\n<fieldset class=\"hidden-fields-container\"><input type=\"hidden\" name=\"_wpcf7\" value=\"759\" \/><input type=\"hidden\" name=\"_wpcf7_version\" value=\"6.1.4\" \/><input type=\"hidden\" name=\"_wpcf7_locale\" value=\"pl_PL\" \/><input type=\"hidden\" name=\"_wpcf7_unit_tag\" value=\"wpcf7-f759-o1\" \/><input type=\"hidden\" name=\"_wpcf7_container_post\" value=\"0\" \/><input type=\"hidden\" name=\"_wpcf7_posted_data_hash\" value=\"\" \/><input type=\"hidden\" name=\"_wpcf7cf_hidden_group_fields\" value=\"[]\" \/><input type=\"hidden\" name=\"_wpcf7cf_hidden_groups\" value=\"[]\" \/><input type=\"hidden\" name=\"_wpcf7cf_visible_groups\" value=\"[]\" \/><input type=\"hidden\" name=\"_wpcf7cf_repeaters\" value=\"[]\" \/><input type=\"hidden\" name=\"_wpcf7cf_steps\" value=\"{}\" \/><input type=\"hidden\" name=\"_wpcf7cf_options\" value=\"{&quot;form_id&quot;:759,&quot;conditions&quot;:[],&quot;settings&quot;:{&quot;animation&quot;:&quot;yes&quot;,&quot;animation_intime&quot;:200,&quot;animation_outtime&quot;:200,&quot;conditions_ui&quot;:&quot;normal&quot;,&quot;notice_dismissed&quot;:false}}\" \/><input type=\"hidden\" name=\"_wpcf7_recaptcha_response\" value=\"\" \/>\n<\/fieldset>\n<p>Wype\u0142nij poni\u017cszy formularz, a przygotujemy dla Ciebie indywidualn\u0105 wycen\u0119.\n<\/p>\n<p>Podaj szczeg\u00f3\u0142y dotycz\u0105ce produktu, techniki znakowania, nak\u0142adu oraz oczekiwanego terminu realizacji.\n<\/p>\n<p>Do\u0142\u0105cz pliki z projektem (np. PDF, CDR, PSD), je\u015bli je posiadasz.\n<\/p>\n<p>Odpowiemy na Twoje zapytanie w ci\u0105gu 24 godzin.\n<\/p>\n<p><label>Rodzaj produktu (wymagane)<br \/>\n<span class=\"wpcf7-form-control-wrap\" data-name=\"rodzaj-produktu\"><select class=\"wpcf7-form-control wpcf7-select wpcf7-validates-as-required\" aria-required=\"true\" aria-invalid=\"false\" name=\"rodzaj-produktu\"><option value=\"Szaliki\">Szaliki<\/option><option value=\"Bluzy\">Bluzy<\/option><option value=\"Koszulki\">Koszulki<\/option><option value=\"Kubki\">Kubki<\/option><option value=\"Proporce\">Proporce<\/option><option value=\"Inny\">Inny<\/option><\/select><\/span><br \/>\n<\/label>\n<\/p>\n<p><label>Rodzaj brandingu (wymagane)<br \/>\n<span class=\"wpcf7-form-control-wrap\" data-name=\"rodzaj-brandingu\"><select class=\"wpcf7-form-control wpcf7-select wpcf7-validates-as-required\" aria-required=\"true\" aria-invalid=\"false\" name=\"rodzaj-brandingu\"><option value=\"Haft\">Haft<\/option><option value=\"Sublimacja\">Sublimacja<\/option><option value=\"Sitodruk\">Sitodruk<\/option><option value=\"Nadruk DTG\">Nadruk DTG<\/option><option value=\"Inny\">Inny<\/option><\/select><\/span><br \/>\n<\/label>\n<\/p>\n<p><label>Nak\u0142ad (ilo\u015b\u0107 sztuk) (wymagane)<br \/>\n<span class=\"wpcf7-form-control-wrap\" data-name=\"naklad\"><input class=\"wpcf7-form-control wpcf7-number wpcf7-validates-as-required wpcf7-validates-as-number\" min=\"20\" aria-required=\"true\" aria-invalid=\"false\" placeholder=\"np. 100\" value=\"\" type=\"number\" name=\"naklad\" \/><\/span><br \/>\n<\/label>\n<\/p>\n<p><label>Oczekiwany termin realizacji (wymagane)<br \/>\n<span class=\"wpcf7-form-control-wrap\" data-name=\"termin-realizacji\"><input class=\"wpcf7-form-control wpcf7-date wpcf7-validates-as-required wpcf7-validates-as-date\" min=\"2026-04-19\" aria-required=\"true\" aria-invalid=\"false\" placeholder=\"Wybierz dat\u0119\" value=\"\" type=\"date\" name=\"termin-realizacji\" \/><\/span><br \/>\n<\/label>\n<\/p>\n<p><label>Dodatkowe informacje<br \/>\n<span class=\"wpcf7-form-control-wrap\" data-name=\"dodatkowe-informacje\"><textarea cols=\"40\" rows=\"10\" maxlength=\"2000\" class=\"wpcf7-form-control wpcf7-textarea\" aria-invalid=\"false\" placeholder=\"Uwagi, preferencje kolorystyczne, rozmiary itp.\" name=\"dodatkowe-informacje\"><\/textarea><\/span><br \/>\n<\/label>\n<\/p>\n<p><label>Za\u0142\u0105cz pliki (do 50 MB, formaty: .pdf, .cdr, .psd)<br \/>\n<span class=\"wpcf7-form-control-wrap\" data-name=\"zalacznik\"><input size=\"40\" class=\"wpcf7-form-control wpcf7-file wpcf7-validates-as-required\" accept=\".pdf,.cdr,.psd\" aria-required=\"true\" aria-invalid=\"false\" type=\"file\" name=\"zalacznik\" \/><\/span><br \/>\n<\/label>\n<\/p>\n<p><label>Adres e-mail (wymagane)<br \/>\n<span class=\"wpcf7-form-control-wrap\" data-name=\"email\"><input size=\"40\" maxlength=\"400\" class=\"wpcf7-form-control wpcf7-email wpcf7-validates-as-required wpcf7-text wpcf7-validates-as-email\" aria-required=\"true\" aria-invalid=\"false\" value=\"\" type=\"email\" name=\"email\" \/><\/span><br \/>\n<\/label>\n<\/p>\n<p><label>Numer telefonu (wymagane)<br \/>\n<span class=\"wpcf7-form-control-wrap\" data-name=\"telefon\"><input size=\"40\" maxlength=\"400\" class=\"wpcf7-form-control wpcf7-tel wpcf7-validates-as-required wpcf7-text wpcf7-validates-as-tel\" aria-required=\"true\" aria-invalid=\"false\" value=\"\" type=\"tel\" name=\"telefon\" \/><\/span><br \/>\n<\/label>\n<\/p>\n[acceptance* rodo] Wyra\u017cam zgod\u0119 na przetwarzanie moich danych osobowych zgodnie z <a href=\"\/polityka-prywatnosci\" target=\"_blank\">polityk\u0105 prywatno\u015bci<\/a>.\n<\/p>\n\n<p><input class=\"wpcf7-form-control wpcf7-submit has-spinner\" type=\"submit\" value=\"Wy\u015blij zapytanie\" \/>\n<\/p><div class=\"wpcf7-response-output\" aria-hidden=\"true\"><\/div>\n<\/form>\n<\/div>\n\n\n            <\/div><!-- aux-col-wrapper -->\n    <\/section><!-- widget-container -->\t\t\t\t<\/div>\n\t\t\t\t<\/div>\n\t\t\t\t<\/div>\n\t\t<div class=\"elementor-element elementor-element-c98e748 e-con-full e-flex e-con e-child\" data-id=\"c98e748\" data-element_type=\"container\" data-settings=\"{&quot;background_background&quot;:&quot;gradient&quot;}\">\n\t\t\t\t<div class=\"elementor-element elementor-element-d086ad8 elementor-widget elementor-widget-spacer\" data-id=\"d086ad8\" data-element_type=\"widget\" data-widget_type=\"spacer.default\">\n\t\t\t\t<div class=\"elementor-widget-container\">\n\t\t\t\t\t\t\t<div class=\"elementor-spacer\">\n\t\t\t<div class=\"elementor-spacer-inner\"><\/div>\n\t\t<\/div>\n\t\t\t\t\t\t<\/div>\n\t\t\t\t<\/div>\n\t\t\t\t<div class=\"elementor-element elementor-element-37b5fd4 aux-appear-watch-animation aux-fade-in-up-1 elementor-widget elementor-widget-aux_text\" data-id=\"37b5fd4\" data-element_type=\"widget\" data-widget_type=\"aux_text.default\">\n\t\t\t\t<div class=\"elementor-widget-container\">\n\t\t\t\t\t<section class=\"widget-container aux-widget-text aux-parent-auc6e1c301\">        <div class=\"aux-widget-advanced-text aux-wrap-style-simple aux-ico-pos-left aux-text-left aux-text-resp- aux-text-color-dark aux-text-widget-bg-center  \" >\n        \n                            <div class=\"aux-text-widget-header \"  >\n                        <div class=\"aux-ico-box aux-ico-large aux-img-box aux-ico-shape-default aux-ico-clear \">\n                                                                <img decoding=\"async\" width=\"44\" height=\"36\" src=\"https:\/\/zulla.pl\/wp-content\/uploads\/2020\/05\/Significon-Mail-40x33.png\" class=\"aux-attachment aux-featured-image aux-attachment-id-339 aux-preload aux-has-preview\" alt=\"demo-attachment-21-Significon-Mail\" data-ratio=\"1.22\" data-original-w=\"44\" data-src=\"https:\/\/zulla.pl\/wp-content\/uploads\/2020\/05\/Significon-Mail.png\" \/>                                                    <\/div>\n                <\/div>\n            \n            <div class=\"aux-text-inner aux-text-widget-content\">\n                                <div class=\"widget-content\">\n                                        <p>biuro@zulla.pl<\/p><p>\u00a0<\/p>                <\/div>\n                            <\/div>\n        <\/div>\n                    <div class=\"aux-text-widget-footer\">\n                <div class=\"aux-border-shape-none \">\n                                <\/div>\n            <\/div>\n        \n<\/section><!-- widget-container -->\t\t\t\t<\/div>\n\t\t\t\t<\/div>\n\t\t\t\t<div class=\"elementor-element elementor-element-1efe5dc aux-appear-watch-animation aux-fade-in-up-1 elementor-widget elementor-widget-aux_text\" data-id=\"1efe5dc\" data-element_type=\"widget\" data-widget_type=\"aux_text.default\">\n\t\t\t\t<div class=\"elementor-widget-container\">\n\t\t\t\t\t<section class=\"widget-container aux-widget-text aux-parent-au94f39658\">        <div class=\"aux-widget-advanced-text aux-wrap-style-simple aux-ico-pos-left aux-text-left aux-text-resp- aux-text-color-dark aux-text-widget-bg-center  \" >\n        \n                            <div class=\"aux-text-widget-header \"  >\n                        <div class=\"aux-ico-box aux-ico-large aux-img-box aux-ico-shape-default aux-ico-clear \">\n                                                                <img decoding=\"async\" width=\"45\" height=\"61\" src=\"https:\/\/zulla.pl\/wp-content\/uploads\/2020\/05\/Significon-Place-40x54.png\" class=\"aux-attachment aux-featured-image aux-attachment-id-337 aux-preload aux-has-preview\" alt=\"demo-attachment-19-Significon-Place\" data-ratio=\"0.74\" data-original-w=\"45\" data-src=\"https:\/\/zulla.pl\/wp-content\/uploads\/2020\/05\/Significon-Place.png\" \/>                                                    <\/div>\n                <\/div>\n            \n            <div class=\"aux-text-inner aux-text-widget-content\">\n                                <div class=\"widget-content\">\n                                        <p>30-199 Rz\u0105ska,<\/p><p>ul. Balicka 13<\/p>                <\/div>\n                            <\/div>\n        <\/div>\n                    <div class=\"aux-text-widget-footer\">\n                <div class=\"aux-border-shape-none \">\n                                <\/div>\n            <\/div>\n        \n<\/section><!-- widget-container -->\t\t\t\t<\/div>\n\t\t\t\t<\/div>\n\t\t\t\t<div class=\"elementor-element elementor-element-bb37bd2 aux-appear-watch-animation aux-fade-in-up-1 elementor-widget elementor-widget-aux_text\" data-id=\"bb37bd2\" data-element_type=\"widget\" data-widget_type=\"aux_text.default\">\n\t\t\t\t<div class=\"elementor-widget-container\">\n\t\t\t\t\t<section class=\"widget-container aux-widget-text aux-parent-auc0d490bc\">        <div class=\"aux-widget-advanced-text aux-wrap-style-simple aux-ico-pos-left aux-text-left aux-text-resp- aux-text-color-dark aux-text-widget-bg-center  \" >\n        \n                            <div class=\"aux-text-widget-header \"  >\n                        <div class=\"aux-ico-box aux-ico-large aux-img-box aux-ico-shape-default aux-ico-clear \">\n                                                                <img decoding=\"async\" width=\"50\" height=\"50\" src=\"https:\/\/zulla.pl\/wp-content\/uploads\/2020\/05\/Significon-Phone-40x40.png\" class=\"aux-attachment aux-featured-image aux-attachment-id-338 aux-preload aux-has-preview\" alt=\"demo-attachment-20-Significon-Phone\" data-ratio=\"1\" data-original-w=\"50\" data-src=\"https:\/\/zulla.pl\/wp-content\/uploads\/2020\/05\/Significon-Phone.png\" \/>                                                    <\/div>\n                <\/div>\n            \n            <div class=\"aux-text-inner aux-text-widget-content\">\n                                <div class=\"widget-content\">\n                                        <p>+48 12 277 61 50<\/p><p>+48 511 678 574<\/p>                <\/div>\n                            <\/div>\n        <\/div>\n                    <div class=\"aux-text-widget-footer\">\n                <div class=\"aux-border-shape-none \">\n                                <\/div>\n            <\/div>\n        \n<\/section><!-- widget-container -->\t\t\t\t<\/div>\n\t\t\t\t<\/div>\n\t\t\t\t<div class=\"elementor-element elementor-element-59a605b elementor-widget elementor-widget-spacer\" data-id=\"59a605b\" data-element_type=\"widget\" data-widget_type=\"spacer.default\">\n\t\t\t\t<div class=\"elementor-widget-container\">\n\t\t\t\t\t\t\t<div class=\"elementor-spacer\">\n\t\t\t<div class=\"elementor-spacer-inner\"><\/div>\n\t\t<\/div>\n\t\t\t\t\t\t<\/div>\n\t\t\t\t<\/div>\n\t\t\t\t<div class=\"elementor-element elementor-element-0658be6 elementor-widget elementor-widget-image\" data-id=\"0658be6\" data-element_type=\"widget\" data-widget_type=\"image.default\">\n\t\t\t\t<div class=\"elementor-widget-container\">\n\t\t\t\t\t\t\t\t\t\t\t\t\t\t\t<img decoding=\"async\" src=\"https:\/\/zulla.pl\/wp-content\/uploads\/elementor\/thumbs\/wydrukujemy-r5nfrpi1u1pkhnd0dm3pf4ipwm490en6gflcageius.png\" title=\"wydrukujemy\" alt=\"wydrukujemy\" loading=\"lazy\" \/>\t\t\t\t\t\t\t\t\t\t\t\t\t\t\t<\/div>\n\t\t\t\t<\/div>\n\t\t\t\t<\/div>\n\t\t\t\t<\/div>\n\t\t\t\t<\/div>\n\t\t\t\t\t<\/div>\n\t\t\t\t<\/div>\n\t\t\t\t<\/div>\n\t\t","protected":false},"excerpt":{"rendered":"<p>Kontakt Skontaktuj si\u0119 Wyce\u0144 zlecenie Chcesz zam\u00f3wi\u0107 odzie\u017c firmow\u0105, stroje sportowe lub gad\u017cety reklamowe z w\u0142asnym logo? Skorzystaj z formularza, aby opisa\u0107 nam sw\u00f3j projekt. Ch\u0119tnie pomo\u017cemy dobra\u0107 najlepsze rozwi\u0105zania i technologie, a nast\u0119pnie przedstawimy korzystn\u0105 ofert\u0119. Wype\u0142nij poni\u017cszy formularz, a przygotujemy dla Ciebie indywidualn\u0105 wycen\u0119. Podaj szczeg\u00f3\u0142y dotycz\u0105ce produktu, techniki znakowania, nak\u0142adu oraz oczekiwanego [&hellip;]<\/p>\n","protected":false},"author":1,"featured_media":0,"parent":0,"menu_order":0,"comment_status":"closed","ping_status":"closed","template":"templates\/page-builder-content.php","meta":{"footnotes":""},"class_list":["post-404","page","type-page","status-publish","hentry"],"_links":{"self":[{"href":"https:\/\/zulla.pl\/index.php\/wp-json\/wp\/v2\/pages\/404","targetHints":{"allow":["GET"]}}],"collection":[{"href":"https:\/\/zulla.pl\/index.php\/wp-json\/wp\/v2\/pages"}],"about":[{"href":"https:\/\/zulla.pl\/index.php\/wp-json\/wp\/v2\/types\/page"}],"author":[{"embeddable":true,"href":"https:\/\/zulla.pl\/index.php\/wp-json\/wp\/v2\/users\/1"}],"replies":[{"embeddable":true,"href":"https:\/\/zulla.pl\/index.php\/wp-json\/wp\/v2\/comments?post=404"}],"version-history":[{"count":39,"href":"https:\/\/zulla.pl\/index.php\/wp-json\/wp\/v2\/pages\/404\/revisions"}],"predecessor-version":[{"id":799,"href":"https:\/\/zulla.pl\/index.php\/wp-json\/wp\/v2\/pages\/404\/revisions\/799"}],"wp:attachment":[{"href":"https:\/\/zulla.pl\/index.php\/wp-json\/wp\/v2\/media?parent=404"}],"curies":[{"name":"wp","href":"https:\/\/api.w.org\/{rel}","templated":true}]}}